{"id":1971,"date":"2024-06-20T22:08:24","date_gmt":"2024-06-20T20:08:24","guid":{"rendered":"https:\/\/reta-officiel.com\/?page_id=1971"},"modified":"2024-06-24T18:54:45","modified_gmt":"2024-06-24T16:54:45","slug":"mentions-legales","status":"publish","type":"page","link":"https:\/\/reta-officiel.com\/index.php\/mentions-legales\/","title":{"rendered":"Mentions l\u00e9gales"},"content":{"rendered":"\n<hr class=\"wp-block-separator has-alpha-channel-opacity\"\/>\n\n\n\n<p>Mentions l\u00e9gales, <strong>\u00c9diteur du site :<\/strong><\/p>\n\n\n\n<p>Nom de l&rsquo;entreprise : 2HS PROD<br>Adresse : <a href=\"https:\/\/www.societe.com\/entreprises\/19_rue%20de%20la%20madeleine\/22200_GUINGAMP.html\">19 RUE DE LA MADELEINE 22200 GUINGAMP<\/a><br>T\u00e9l\u00e9phone : \u202d+33 6 34 90 01 18\u202c<br>Email : direction@2hs-prod.com<br>Num\u00e9ro SIRET : 98131038600017<br>Directeur de la publication : <a href=\"https:\/\/dirigeant.societe.com\/dirigeant\/Paul.CEDRETTO.61861204.html\">M Paul CEDRETTO<\/a><\/p>\n\n\n\n<p><strong>H\u00e9bergement :<\/strong><\/p>\n\n\n\n<p>Nom de l&rsquo;h\u00e9bergeur : OVH<br>Adresse de l&rsquo;h\u00e9bergeur : <strong>2, rue Kellermann, 59100 Roubaix<\/strong><br>T\u00e9l\u00e9phone de l&rsquo;h\u00e9bergeur : 1007<\/p>\n\n\n\n<h2 class=\"wp-block-heading\"><strong>Propri\u00e9t\u00e9 intellectuelle :<\/strong><\/h2>\n\n\n\n<p>Tous les contenus pr\u00e9sents sur ce site, incluant, de fa\u00e7on non limitative, les graphismes, images, textes, vid\u00e9os, animations, sons, logos, gifs et ic\u00f4nes ainsi que leur mise en forme sont la propri\u00e9t\u00e9 exclusive de la soci\u00e9t\u00e9 2HS PROD \u00e0 l&rsquo;exception des marques, logos ou contenus appartenant \u00e0 d&rsquo;autres soci\u00e9t\u00e9s partenaires ou auteurs, la vid\u00e9o d&rsquo;entr\u00e9e repr\u00e9sentant des flammes appartient : <a href=\"https:\/\/fr.vecteezy.com\/videos-gratuites\/effet-feu\">Effet Feu Vid\u00e9os d&rsquo;archives par Vecteezy<\/a>.<\/p>\n\n\n\n<p>Toute reproduction, distribution, modification, adaptation, retransmission ou publication, m\u00eame partielle, de ces diff\u00e9rents \u00e9l\u00e9ments est strictement interdite sans l&rsquo;accord expr\u00e8s par \u00e9crit de 2HS PROD. Cette repr\u00e9sentation ou reproduction, par quelque proc\u00e9d\u00e9 que ce soit, constitue une contrefa\u00e7on sanctionn\u00e9e par les articles L.3335-2 et suivants du Code de la propri\u00e9t\u00e9 intellectuelle. Le non-respect de cette interdiction constitue une contrefa\u00e7on pouvant engager la responsabilit\u00e9 civile et p\u00e9nale du contrefacteur.<\/p>\n\n\n\n<h2 class=\"wp-block-heading\"><strong>Donn\u00e9es personnelles :<\/strong><\/h2>\n\n\n\n<p>Conform\u00e9ment \u00e0 la loi Informatique et Libert\u00e9s du 6 janvier 1978 modifi\u00e9e, vous disposez d&rsquo;un droit d&rsquo;acc\u00e8s, de rectification et de suppression des donn\u00e9es vous concernant. Pour l&rsquo;exercer, vous pouvez nous contacter aux coordonn\u00e9es mentionn\u00e9es ci-dessus.<\/p>\n\n\n\n<p>Les informations personnelles collect\u00e9es sur ce site sont utilis\u00e9es uniquement dans le cadre l\u00e9gal pr\u00e9vu en France pour le respect de la vie priv\u00e9e. La soci\u00e9t\u00e9 2HS PROD est le destinataire des donn\u00e9es. Cependant, nous pouvons \u00eatre amen\u00e9s \u00e0 partager vos informations personnelles avec nos partenaires dans le cadre de prestations de service.<\/p>\n\n\n\n<h2 class=\"wp-block-heading\"><strong>Cookies :<\/strong><\/h2>\n\n\n\n<p>Le site 2HS PROD peut-\u00eatre amen\u00e9 \u00e0 vous demander l&rsquo;acceptation des cookies pour des besoins de statistiques et d&rsquo;affichage. Un cookie est une information d\u00e9pos\u00e9e sur votre disque dur par le serveur du site que vous visitez. Il contient plusieurs donn\u00e9es qui sont stock\u00e9es sur votre ordinateur dans un simple fichier texte auquel un serveur acc\u00e8de pour lire et enregistrer des informations. Certaines parties de ce site ne peuvent \u00eatre fonctionnelles sans l\u2019acceptation de cookies.<\/p>\n\n\n\n<h2 class=\"wp-block-heading\"><strong>Liens hypertextes :<\/strong><\/h2>\n\n\n\n<p>Le site internet de <a href=\"https:\/\/Reta-officiel.com\" target=\"_blank\" rel=\"noreferrer noopener\">https:\/\/Reta-officiel.com<\/a> peut offrir des liens vers d\u2019autres sites internet ou d\u2019autres ressources disponibles sur Internet. 2HS PROD ne dispose d&rsquo;aucun moyen pour contr\u00f4ler les sites en connexion avec ses sites internet. 2HS PROD ne r\u00e9pond pas de la disponibilit\u00e9 de tels sites et sources externes, ni ne la garantit.<\/p>\n\n\n\n<h2 class=\"wp-block-heading\"><strong>Limitation de responsabilit\u00e9 :<\/strong><\/h2>\n\n\n\n<p>Les informations contenues sur ce site sont aussi pr\u00e9cises que possible et le site est p\u00e9riodiquement remis \u00e0 jour, mais peut n\u00e9anmoins contenir des inexactitudes, des omissions ou des lacunes. Si vous constatez une lacune, erreur ou ce qui parait \u00eatre un dysfonctionnement, merci de bien vouloir le signaler par email, \u00e0 l\u2019adresse <a href=\"mailto:direction@2hs-prod.com\" target=\"_blank\" rel=\"noreferrer noopener\">direction@2hs-prod.com<\/a>, en d\u00e9crivant le probl\u00e8me de la mani\u00e8re la plus pr\u00e9cise possible.<\/p>\n\n\n\n<p>Tout contenu t\u00e9l\u00e9charg\u00e9 se fait aux risques et p\u00e9rils de l&rsquo;utilisateur et sous sa seule responsabilit\u00e9. En cons\u00e9quence, 2HS PROD ne saurait \u00eatre tenu responsable d&rsquo;un quelconque dommage subi par l&rsquo;ordinateur de l&rsquo;utilisateur ou d&rsquo;une quelconque perte de donn\u00e9es cons\u00e9cutive au t\u00e9l\u00e9chargement.<\/p>\n\n\n\n<h2 class=\"wp-block-heading\"><strong>Droit applicable et attribution de juridiction :<\/strong><\/h2>\n\n\n\n<p>Tout litige en relation avec l\u2019utilisation du site <a href=\"https:\/\/reta-officiel.com\" target=\"_blank\" rel=\"noreferrer noopener\">https:\/\/reta-officiel.com<\/a> est soumis au droit fran\u00e7ais. Il est fait attribution exclusive de juridiction aux tribunaux comp\u00e9tents de Guingamp.<\/p>\n","protected":false},"excerpt":{"rendered":"<p>Mentions l\u00e9gales, \u00c9diteur du site : Nom de l&rsquo;entreprise : 2HS PRODAdresse : 19 RUE DE LA MADELEINE 22200 GUINGAMPT\u00e9l\u00e9phone : \u202d+33 6 34 90 01 18\u202cEmail : direction@2hs-prod.comNum\u00e9ro SIRET : 98131038600017Directeur de la publication : M Paul CEDRETTO H\u00e9bergement : Nom de l&rsquo;h\u00e9bergeur : OVHAdresse de l&rsquo;h\u00e9bergeur : 2, rue Kellermann, 59100 RoubaixT\u00e9l\u00e9phone de [&hellip;]<\/p>\n","protected":false},"author":2,"featured_media":0,"parent":0,"menu_order":0,"comment_status":"closed","ping_status":"closed","template":"","meta":{"footnotes":""},"class_list":["post-1971","page","type-page","status-publish","hentry"],"blocksy_meta":[],"yoast_head":"<!-- This site is optimized with the Yoast SEO plugin v27.3 - https:\/\/yoast.com\/product\/yoast-seo-wordpress\/ -->\n<title>Mentions l\u00e9gales - Reta Officiel<\/title>\n<meta name=\"description\" content=\"Mentions l\u00e9gales : \u00c9diteur du site : Nom de l&#039;entreprise : 2HS PROD, Adresse : 19 RUE DE LA MADELEINE 22200 GUINGAMP...\" \/>\n<meta name=\"robots\" content=\"index, follow, max-snippet:-1, max-image-preview:large, max-video-preview:-1\" \/>\n<link rel=\"canonical\" href=\"https:\/\/reta-officiel.com\/index.php\/mentions-legales\/\" \/>\n<meta property=\"og:locale\" content=\"fr_FR\" \/>\n<meta property=\"og:type\" content=\"article\" \/>\n<meta property=\"og:title\" content=\"Mentions l\u00e9gales - Reta Officiel\" \/>\n<meta property=\"og:description\" content=\"Mentions l\u00e9gales : \u00c9diteur du site : Nom de l&#039;entreprise : 2HS PROD, Adresse : 19 RUE DE LA MADELEINE 22200 GUINGAMP...\" \/>\n<meta property=\"og:url\" content=\"https:\/\/reta-officiel.com\/index.php\/mentions-legales\/\" \/>\n<meta property=\"og:site_name\" content=\"Reta Officiel\" \/>\n<meta property=\"article:publisher\" content=\"https:\/\/www.facebook.com\/retarockstar\/\" \/>\n<meta property=\"article:modified_time\" content=\"2024-06-24T16:54:45+00:00\" \/>\n<meta name=\"twitter:card\" content=\"summary_large_image\" \/>\n<meta name=\"twitter:label1\" content=\"Dur\u00e9e de lecture estim\u00e9e\" \/>\n\t<meta name=\"twitter:data1\" content=\"3 minutes\" \/>\n<script type=\"application\/ld+json\" class=\"yoast-schema-graph\">{\"@context\":\"https:\\\/\\\/schema.org\",\"@graph\":[{\"@type\":\"WebPage\",\"@id\":\"https:\\\/\\\/reta-officiel.com\\\/index.php\\\/mentions-legales\\\/\",\"url\":\"https:\\\/\\\/reta-officiel.com\\\/index.php\\\/mentions-legales\\\/\",\"name\":\"Mentions l\u00e9gales - Reta Officiel\",\"isPartOf\":{\"@id\":\"https:\\\/\\\/reta-officiel.com\\\/#website\"},\"datePublished\":\"2024-06-20T20:08:24+00:00\",\"dateModified\":\"2024-06-24T16:54:45+00:00\",\"description\":\"Mentions l\u00e9gales : \u00c9diteur du site : Nom de l'entreprise : 2HS PROD, Adresse : 19 RUE DE LA MADELEINE 22200 GUINGAMP...\",\"breadcrumb\":{\"@id\":\"https:\\\/\\\/reta-officiel.com\\\/index.php\\\/mentions-legales\\\/#breadcrumb\"},\"inLanguage\":\"fr-FR\",\"potentialAction\":[{\"@type\":\"ReadAction\",\"target\":[\"https:\\\/\\\/reta-officiel.com\\\/index.php\\\/mentions-legales\\\/\"]}]},{\"@type\":\"BreadcrumbList\",\"@id\":\"https:\\\/\\\/reta-officiel.com\\\/index.php\\\/mentions-legales\\\/#breadcrumb\",\"itemListElement\":[{\"@type\":\"ListItem\",\"position\":1,\"name\":\"Accueil\",\"item\":\"https:\\\/\\\/reta-officiel.com\\\/\"},{\"@type\":\"ListItem\",\"position\":2,\"name\":\"Mentions l\u00e9gales\"}]},{\"@type\":\"WebSite\",\"@id\":\"https:\\\/\\\/reta-officiel.com\\\/#website\",\"url\":\"https:\\\/\\\/reta-officiel.com\\\/\",\"name\":\"Reta Officiel\",\"description\":\"Reta Le Magnifique\",\"publisher\":{\"@id\":\"https:\\\/\\\/reta-officiel.com\\\/#\\\/schema\\\/person\\\/1c320f369b7e72e9797350175731ee3d\"},\"potentialAction\":[{\"@type\":\"SearchAction\",\"target\":{\"@type\":\"EntryPoint\",\"urlTemplate\":\"https:\\\/\\\/reta-officiel.com\\\/?s={search_term_string}\"},\"query-input\":{\"@type\":\"PropertyValueSpecification\",\"valueRequired\":true,\"valueName\":\"search_term_string\"}}],\"inLanguage\":\"fr-FR\"},{\"@type\":[\"Person\",\"Organization\"],\"@id\":\"https:\\\/\\\/reta-officiel.com\\\/#\\\/schema\\\/person\\\/1c320f369b7e72e9797350175731ee3d\",\"name\":\"Reta Le Magnifique\",\"image\":{\"@type\":\"ImageObject\",\"inLanguage\":\"fr-FR\",\"@id\":\"https:\\\/\\\/reta-officiel.com\\\/wp-content\\\/uploads\\\/2024\\\/04\\\/cropped-Logo-Reta-FINAL.jpg\",\"url\":\"https:\\\/\\\/reta-officiel.com\\\/wp-content\\\/uploads\\\/2024\\\/04\\\/cropped-Logo-Reta-FINAL.jpg\",\"contentUrl\":\"https:\\\/\\\/reta-officiel.com\\\/wp-content\\\/uploads\\\/2024\\\/04\\\/cropped-Logo-Reta-FINAL.jpg\",\"width\":512,\"height\":512,\"caption\":\"Reta Le Magnifique\"},\"logo\":{\"@id\":\"https:\\\/\\\/reta-officiel.com\\\/wp-content\\\/uploads\\\/2024\\\/04\\\/cropped-Logo-Reta-FINAL.jpg\"},\"sameAs\":[\"https:\\\/\\\/reta-officiel.com\",\"https:\\\/\\\/www.facebook.com\\\/retarockstar\\\/\",\"https:\\\/\\\/www.instagram.com\\\/retalemagnifique\\\/\",\"https:\\\/\\\/www.youtube.com\\\/@Retarockstar\"]}]}<\/script>\n<!-- \/ Yoast SEO plugin. -->","yoast_head_json":{"title":"Mentions l\u00e9gales - Reta Officiel","description":"Mentions l\u00e9gales : \u00c9diteur du site : Nom de l'entreprise : 2HS PROD, Adresse : 19 RUE DE LA MADELEINE 22200 GUINGAMP...","robots":{"index":"index","follow":"follow","max-snippet":"max-snippet:-1","max-image-preview":"max-image-preview:large","max-video-preview":"max-video-preview:-1"},"canonical":"https:\/\/reta-officiel.com\/index.php\/mentions-legales\/","og_locale":"fr_FR","og_type":"article","og_title":"Mentions l\u00e9gales - Reta Officiel","og_description":"Mentions l\u00e9gales : \u00c9diteur du site : Nom de l'entreprise : 2HS PROD, Adresse : 19 RUE DE LA MADELEINE 22200 GUINGAMP...","og_url":"https:\/\/reta-officiel.com\/index.php\/mentions-legales\/","og_site_name":"Reta Officiel","article_publisher":"https:\/\/www.facebook.com\/retarockstar\/","article_modified_time":"2024-06-24T16:54:45+00:00","twitter_card":"summary_large_image","twitter_misc":{"Dur\u00e9e de lecture estim\u00e9e":"3 minutes"},"schema":{"@context":"https:\/\/schema.org","@graph":[{"@type":"WebPage","@id":"https:\/\/reta-officiel.com\/index.php\/mentions-legales\/","url":"https:\/\/reta-officiel.com\/index.php\/mentions-legales\/","name":"Mentions l\u00e9gales - Reta Officiel","isPartOf":{"@id":"https:\/\/reta-officiel.com\/#website"},"datePublished":"2024-06-20T20:08:24+00:00","dateModified":"2024-06-24T16:54:45+00:00","description":"Mentions l\u00e9gales : \u00c9diteur du site : Nom de l'entreprise : 2HS PROD, Adresse : 19 RUE DE LA MADELEINE 22200 GUINGAMP...","breadcrumb":{"@id":"https:\/\/reta-officiel.com\/index.php\/mentions-legales\/#breadcrumb"},"inLanguage":"fr-FR","potentialAction":[{"@type":"ReadAction","target":["https:\/\/reta-officiel.com\/index.php\/mentions-legales\/"]}]},{"@type":"BreadcrumbList","@id":"https:\/\/reta-officiel.com\/index.php\/mentions-legales\/#breadcrumb","itemListElement":[{"@type":"ListItem","position":1,"name":"Accueil","item":"https:\/\/reta-officiel.com\/"},{"@type":"ListItem","position":2,"name":"Mentions l\u00e9gales"}]},{"@type":"WebSite","@id":"https:\/\/reta-officiel.com\/#website","url":"https:\/\/reta-officiel.com\/","name":"Reta Officiel","description":"Reta Le Magnifique","publisher":{"@id":"https:\/\/reta-officiel.com\/#\/schema\/person\/1c320f369b7e72e9797350175731ee3d"},"potentialAction":[{"@type":"SearchAction","target":{"@type":"EntryPoint","urlTemplate":"https:\/\/reta-officiel.com\/?s={search_term_string}"},"query-input":{"@type":"PropertyValueSpecification","valueRequired":true,"valueName":"search_term_string"}}],"inLanguage":"fr-FR"},{"@type":["Person","Organization"],"@id":"https:\/\/reta-officiel.com\/#\/schema\/person\/1c320f369b7e72e9797350175731ee3d","name":"Reta Le Magnifique","image":{"@type":"ImageObject","inLanguage":"fr-FR","@id":"https:\/\/reta-officiel.com\/wp-content\/uploads\/2024\/04\/cropped-Logo-Reta-FINAL.jpg","url":"https:\/\/reta-officiel.com\/wp-content\/uploads\/2024\/04\/cropped-Logo-Reta-FINAL.jpg","contentUrl":"https:\/\/reta-officiel.com\/wp-content\/uploads\/2024\/04\/cropped-Logo-Reta-FINAL.jpg","width":512,"height":512,"caption":"Reta Le Magnifique"},"logo":{"@id":"https:\/\/reta-officiel.com\/wp-content\/uploads\/2024\/04\/cropped-Logo-Reta-FINAL.jpg"},"sameAs":["https:\/\/reta-officiel.com","https:\/\/www.facebook.com\/retarockstar\/","https:\/\/www.instagram.com\/retalemagnifique\/","https:\/\/www.youtube.com\/@Retarockstar"]}]}},"_links":{"self":[{"href":"https:\/\/reta-officiel.com\/index.php\/wp-json\/wp\/v2\/pages\/1971","targetHints":{"allow":["GET"]}}],"collection":[{"href":"https:\/\/reta-officiel.com\/index.php\/wp-json\/wp\/v2\/pages"}],"about":[{"href":"https:\/\/reta-officiel.com\/index.php\/wp-json\/wp\/v2\/types\/page"}],"author":[{"embeddable":true,"href":"https:\/\/reta-officiel.com\/index.php\/wp-json\/wp\/v2\/users\/2"}],"replies":[{"embeddable":true,"href":"https:\/\/reta-officiel.com\/index.php\/wp-json\/wp\/v2\/comments?post=1971"}],"version-history":[{"count":0,"href":"https:\/\/reta-officiel.com\/index.php\/wp-json\/wp\/v2\/pages\/1971\/revisions"}],"wp:attachment":[{"href":"https:\/\/reta-officiel.com\/index.php\/wp-json\/wp\/v2\/media?parent=1971"}],"curies":[{"name":"wp","href":"https:\/\/api.w.org\/{rel}","templated":true}]}}