{"id":3,"date":"2024-03-23T15:19:28","date_gmt":"2024-03-23T14:19:28","guid":{"rendered":"http:\/\/reta-officiel.com\/?page_id=3"},"modified":"2024-06-24T18:32:47","modified_gmt":"2024-06-24T16:32:47","slug":"politique-de-confidentialite","status":"publish","type":"page","link":"https:\/\/reta-officiel.com\/index.php\/politique-de-confidentialite\/","title":{"rendered":"Politique de confidentialit\u00e9"},"content":{"rendered":"\n<h2 class=\"wp-block-heading\">Qui sommes-nous&nbsp;?<\/h2>\n\n\n\n<p>L\u2019adresse de notre site est\u00a0: <a href=\"https:\/\/reta-officiel.com\" target=\"_blank\" rel=\"noreferrer noopener\">https:\/\/reta-officiel.com<\/a>.<\/p>\n\n\n\n<p>Politique de confidentialit\u00e9<br>Derni\u00e8re mise \u00e0 jour le 17 juin 2024<br>Date d&rsquo;entr\u00e9e en vigueur : 17 juin 2024<\/p>\n\n\n\n<p>Cette Politique de confidentialit\u00e9 d\u00e9crit les politiques de 2hs Prod, situ\u00e9 au 19 RUE DE LA MADELEINE, Bretagne 22200, France, email : <a href=\"mailto:direction@2hs-prod.com\" target=\"_blank\" rel=\"noreferrer noopener\">direction@2hs-prod.com<\/a>, t\u00e9l\u00e9phone : +33634900118, concernant la collecte, l&rsquo;utilisation et la divulgation de vos informations que nous recueillons lorsque vous utilisez notre site web (<a href=\"https:\/\/reta-officiel.com\" target=\"_blank\" rel=\"noreferrer noopener\">https:\/\/reta-officiel.com<\/a>) (le \u00ab\u00a0Service\u00a0\u00bb). En acc\u00e9dant ou en utilisant le Service, vous consentez \u00e0 la collecte, \u00e0 l&rsquo;utilisation et \u00e0 la divulgation de vos informations conform\u00e9ment \u00e0 cette Politique de confidentialit\u00e9. Si vous ne consentez pas \u00e0 cela, veuillez ne pas acc\u00e9der ni utiliser le Service.<\/p>\n\n\n\n<p>Nous pouvons modifier cette Politique de confidentialit\u00e9 \u00e0 tout moment sans pr\u00e9avis et publierons la Politique r\u00e9vis\u00e9e sur le Service. La Politique r\u00e9vis\u00e9e sera effective 180 jours apr\u00e8s sa publication sur le Service, et votre acc\u00e8s ou utilisation continue du Service apr\u00e8s ce d\u00e9lai constituera votre acceptation de la Politique de confidentialit\u00e9 r\u00e9vis\u00e9e. Nous vous recommandons donc de consulter cette page p\u00e9riodiquement.<\/p>\n\n\n\n<h2 class=\"wp-block-heading\">Informations que nous collectons :<\/h2>\n\n\n\n<p>Nous collecterons et traiterons les informations personnelles suivantes vous concernant :<\/p>\n\n\n\n<ul class=\"wp-block-list\">\n<li>Nom<\/li>\n\n\n\n<li>Adresse e-mail<\/li>\n\n\n\n<li>Num\u00e9ro de t\u00e9l\u00e9phone portable<\/li>\n\n\n\n<li>Adresse<\/li>\n\n\n\n<li>Informations de paiement<\/li>\n<\/ul>\n\n\n\n<h2 class=\"wp-block-heading\">Comment nous utilisons vos informations :<\/h2>\n\n\n\n<p>Nous utiliserons les informations que nous collectons \u00e0 votre sujet aux fins suivantes :<\/p>\n\n\n\n<ul class=\"wp-block-list\">\n<li>Cr\u00e9ation de compte utilisateur<\/li>\n\n\n\n<li>T\u00e9moignages<\/li>\n\n\n\n<li>Application des conditions g\u00e9n\u00e9rales<\/li>\n\n\n\n<li>Traitement des paiements<\/li>\n\n\n\n<li>Informations d&rsquo;administration<\/li>\n\n\n\n<li>Gestion des commandes des clients<\/li>\n\n\n\n<li>Protection du site<\/li>\n\n\n\n<li>R\u00e9solution des litiges<\/li>\n\n\n\n<li>Gestion du compte utilisateur<\/li>\n<\/ul>\n\n\n\n<p>Si nous souhaitons utiliser vos informations \u00e0 toute autre fin, nous vous demanderons votre consentement et n&rsquo;utiliserons vos informations qu&rsquo;apr\u00e8s avoir obtenu votre consentement, et seulement aux fins pour lesquelles vous avez donn\u00e9 votre consentement, sauf si la loi nous oblige \u00e0 proc\u00e9der autrement.<\/p>\n\n\n\n<h2 class=\"wp-block-heading\">Conservation de vos informations :<\/h2>\n\n\n\n<p>Nous conserverons vos informations personnelles pendant 90 jours \u00e0 2 ans apr\u00e8s la r\u00e9siliation de votre compte d&rsquo;utilisateur, ou aussi longtemps que n\u00e9cessaire pour atteindre les objectifs pour lesquels elles ont \u00e9t\u00e9 collect\u00e9es comme d\u00e9taill\u00e9 dans cette Politique de confidentialit\u00e9. Nous pouvons avoir besoin de conserver certaines informations pendant des p\u00e9riodes plus longues, telles que la tenue de dossiers \/ rapports conform\u00e9ment \u00e0 la loi applicable ou pour d&rsquo;autres raisons l\u00e9gitimes telles que l&rsquo;application de droits l\u00e9gaux, la pr\u00e9vention de la fraude, etc. Les informations r\u00e9siduelles anonymes et les informations agr\u00e9g\u00e9es, qui ne vous identifient pas (directement ou indirectement), peuvent \u00eatre conserv\u00e9es ind\u00e9finiment<\/p>\n\n\n\n<h2 class=\"wp-block-heading\">Vos droits :<\/h2>\n\n\n\n<p>Selon la loi applicable, vous pouvez avoir le droit d&rsquo;acc\u00e9der \u00e0 vos donn\u00e9es personnelles, de les rectifier ou de les effacer, de recevoir une copie de vos donn\u00e9es personnelles, de limiter ou de vous opposer au traitement actif de vos donn\u00e9es, de nous demander de partager (porter) vos informations personnelles \u00e0 une autre entit\u00e9, de retirer tout consentement que vous nous avez fourni pour traiter vos donn\u00e9es, de d\u00e9poser une plainte aupr\u00e8s d&rsquo;une autorit\u00e9 comp\u00e9tente et d&rsquo;autres droits pertinents en vertu des lois applicables. Pour exercer ces droits, vous pouvez nous \u00e9crire \u00e0 <a href=\"mailto:direction@2hs-prod.com\" target=\"_blank\" rel=\"noreferrer noopener\">direction@2hs-prod.com<\/a>. Nous r\u00e9pondrons \u00e0 votre demande conform\u00e9ment \u00e0 la loi applicable.<\/p>\n\n\n\n<p>Vous pouvez choisir de ne pas recevoir de communications de marketing direct ou de profilage que nous effectuons \u00e0 des fins marketing en nous \u00e9crivant \u00e0 <a href=\"mailto:direction@2hs-prod.com\" target=\"_blank\" rel=\"noreferrer noopener\">direction@2hs-prod.com<\/a>.<\/p>\n\n\n\n<p>Veuillez noter que si vous ne nous permettez pas de collecter ou de traiter les informations personnelles requises, ou si vous retirez votre consentement pour traiter ces informations aux fins requises, vous pourriez ne pas \u00eatre en mesure d&rsquo;acc\u00e9der ou d&rsquo;utiliser les services pour lesquels vos informations ont \u00e9t\u00e9 demand\u00e9es.<\/p>\n\n\n\n<h2 class=\"wp-block-heading\">Cookies, etc. :<\/h2>\n\n\n\n<p>Pour en savoir plus sur la mani\u00e8re dont nous utilisons ces technologies de suivi et vos choix concernant ces technologies, veuillez vous r\u00e9f\u00e9rer \u00e0 notre <a href=\"https:\/\/reta-officiel.com\/index.php\/politique-en-matiere-de-cookie\/\">Politique en mati\u00e8re de cookies.<\/a><\/p>\n\n\n\n<h2 class=\"wp-block-heading\">S\u00e9curit\u00e9 :<\/h2>\n\n\n\n<p>La s\u00e9curit\u00e9 de vos informations est importante pour nous et nous utiliserons des mesures de s\u00e9curit\u00e9 raisonnables pour pr\u00e9venir la perte, l&rsquo;utilisation abusive ou la modification non autoris\u00e9e de vos informations sous notre contr\u00f4le. Cependant, \u00e9tant donn\u00e9 les risques inh\u00e9rents, nous ne pouvons garantir une s\u00e9curit\u00e9 absolue et par cons\u00e9quent, nous ne pouvons assurer ni garantir la s\u00e9curit\u00e9 de toute information que vous nous transmettez, et vous le faites \u00e0 vos propres risques.<\/p>\n\n\n\n<h2 class=\"wp-block-heading\">Liens vers des tiers et utilisation de vos informations :<\/h2>\n\n\n\n<p>Notre Service peut contenir des liens vers d&rsquo;autres sites web qui ne sont pas exploit\u00e9s par nous. Cette Politique de confidentialit\u00e9 ne s&rsquo;applique pas aux politiques de confidentialit\u00e9 et aux autres pratiques de tiers, y compris tout tiers exploitant tout site web ou service accessible via un lien sur le Service. Nous vous recommandons vivement de consulter la politique de confidentialit\u00e9 de chaque site que vous visitez. Nous n&rsquo;avons aucun contr\u00f4le sur et n&rsquo;assumons aucune responsabilit\u00e9 quant au contenu, aux politiques de confidentialit\u00e9 ou aux pratiques de tout site web ou service tiers.<\/p>\n\n\n\n<h2 class=\"wp-block-heading\">R\u00e9clamation \/ D\u00e9l\u00e9gu\u00e9 \u00e0 la protection des donn\u00e9es :<\/h2>\n\n\n\n<p>Si vous avez des questions ou des pr\u00e9occupations concernant le traitement de vos informations disponibles chez nous, vous pouvez envoyer un e-mail \u00e0 notre responsable des r\u00e9clamations \u00e0 2Hs Prod, 19 RUE DE LA MADELEINE 22200 GUINGAMP, email : <a href=\"mailto:direction@2hs-prod.com\" target=\"_blank\" rel=\"noreferrer noopener\">direction@2hs-prod.com<\/a>. Nous traiterons vos pr\u00e9occupations conform\u00e9ment \u00e0 la loi applicable.<\/p>\n\n\n\n<p>Politique de confidentialit\u00e9 g\u00e9n\u00e9r\u00e9e avec <a href=\"https:\/\/www.cookieyes.com\/fr\/\" target=\"_blank\" rel=\"noreferrer noopener\">CookieYes<\/a>.<\/p>\n\n\n","protected":false},"excerpt":{"rendered":"<p>Qui sommes-nous&nbsp;? L\u2019adresse de notre site est\u00a0: https:\/\/reta-officiel.com. Politique de confidentialit\u00e9Derni\u00e8re mise \u00e0 jour le 17 juin 2024Date d&rsquo;entr\u00e9e en vigueur : 17 juin 2024 Cette Politique de confidentialit\u00e9 d\u00e9crit les politiques de 2hs Prod, situ\u00e9 au 19 RUE DE LA MADELEINE, Bretagne 22200, France, email : direction@2hs-prod.com, t\u00e9l\u00e9phone : +33634900118, concernant la collecte, l&rsquo;utilisation [&hellip;]<\/p>\n","protected":false},"author":2,"featured_media":0,"parent":0,"menu_order":0,"comment_status":"closed","ping_status":"closed","template":"","meta":{"footnotes":""},"class_list":["post-3","page","type-page","status-publish","hentry"],"blocksy_meta":[],"yoast_head":"<!-- This site is optimized with the Yoast SEO plugin v27.5 - https:\/\/yoast.com\/product\/yoast-seo-wordpress\/ -->\n<title>Politique de confidentialit\u00e9 - Reta Officiel<\/title>\n<meta name=\"description\" content=\"Politique de confidentialit\u00e9, Qui sommes-nous\u00a0? L\u2019adresse de notre site est\u00a0: https:\/\/reta-officiel.com. Cette Politique de confidentialit\u00e9..\" \/>\n<meta name=\"robots\" content=\"index, follow, max-snippet:-1, max-image-preview:large, max-video-preview:-1\" \/>\n<link rel=\"canonical\" href=\"https:\/\/reta-officiel.com\/index.php\/politique-de-confidentialite\/\" \/>\n<meta property=\"og:locale\" content=\"fr_FR\" \/>\n<meta property=\"og:type\" content=\"article\" \/>\n<meta property=\"og:title\" content=\"Politique de confidentialit\u00e9 - Reta Officiel\" \/>\n<meta property=\"og:description\" content=\"Politique de confidentialit\u00e9, Qui sommes-nous\u00a0? L\u2019adresse de notre site est\u00a0: https:\/\/reta-officiel.com. Cette Politique de confidentialit\u00e9..\" \/>\n<meta property=\"og:url\" content=\"https:\/\/reta-officiel.com\/index.php\/politique-de-confidentialite\/\" \/>\n<meta property=\"og:site_name\" content=\"Reta Officiel\" \/>\n<meta property=\"article:publisher\" content=\"https:\/\/www.facebook.com\/retarockstar\/\" \/>\n<meta property=\"article:modified_time\" content=\"2024-06-24T16:32:47+00:00\" \/>\n<meta name=\"twitter:card\" content=\"summary_large_image\" \/>\n<meta name=\"twitter:label1\" content=\"Dur\u00e9e de lecture estim\u00e9e\" \/>\n\t<meta name=\"twitter:data1\" content=\"5 minutes\" \/>\n<script type=\"application\/ld+json\" class=\"yoast-schema-graph\">{\"@context\":\"https:\\\/\\\/schema.org\",\"@graph\":[{\"@type\":\"WebPage\",\"@id\":\"https:\\\/\\\/reta-officiel.com\\\/index.php\\\/politique-de-confidentialite\\\/\",\"url\":\"https:\\\/\\\/reta-officiel.com\\\/index.php\\\/politique-de-confidentialite\\\/\",\"name\":\"Politique de confidentialit\u00e9 - Reta Officiel\",\"isPartOf\":{\"@id\":\"https:\\\/\\\/reta-officiel.com\\\/#website\"},\"datePublished\":\"2024-03-23T14:19:28+00:00\",\"dateModified\":\"2024-06-24T16:32:47+00:00\",\"description\":\"Politique de confidentialit\u00e9, Qui sommes-nous\u00a0? L\u2019adresse de notre site est\u00a0: https:\\\/\\\/reta-officiel.com. Cette Politique de confidentialit\u00e9..\",\"breadcrumb\":{\"@id\":\"https:\\\/\\\/reta-officiel.com\\\/index.php\\\/politique-de-confidentialite\\\/#breadcrumb\"},\"inLanguage\":\"fr-FR\",\"potentialAction\":[{\"@type\":\"ReadAction\",\"target\":[\"https:\\\/\\\/reta-officiel.com\\\/index.php\\\/politique-de-confidentialite\\\/\"]}]},{\"@type\":\"BreadcrumbList\",\"@id\":\"https:\\\/\\\/reta-officiel.com\\\/index.php\\\/politique-de-confidentialite\\\/#breadcrumb\",\"itemListElement\":[{\"@type\":\"ListItem\",\"position\":1,\"name\":\"Accueil\",\"item\":\"https:\\\/\\\/reta-officiel.com\\\/\"},{\"@type\":\"ListItem\",\"position\":2,\"name\":\"Politique de confidentialit\u00e9\"}]},{\"@type\":\"WebSite\",\"@id\":\"https:\\\/\\\/reta-officiel.com\\\/#website\",\"url\":\"https:\\\/\\\/reta-officiel.com\\\/\",\"name\":\"Reta Officiel\",\"description\":\"Reta Le Magnifique\",\"publisher\":{\"@id\":\"https:\\\/\\\/reta-officiel.com\\\/#\\\/schema\\\/person\\\/1c320f369b7e72e9797350175731ee3d\"},\"potentialAction\":[{\"@type\":\"SearchAction\",\"target\":{\"@type\":\"EntryPoint\",\"urlTemplate\":\"https:\\\/\\\/reta-officiel.com\\\/?s={search_term_string}\"},\"query-input\":{\"@type\":\"PropertyValueSpecification\",\"valueRequired\":true,\"valueName\":\"search_term_string\"}}],\"inLanguage\":\"fr-FR\"},{\"@type\":[\"Person\",\"Organization\"],\"@id\":\"https:\\\/\\\/reta-officiel.com\\\/#\\\/schema\\\/person\\\/1c320f369b7e72e9797350175731ee3d\",\"name\":\"Reta Le Magnifique\",\"image\":{\"@type\":\"ImageObject\",\"inLanguage\":\"fr-FR\",\"@id\":\"https:\\\/\\\/reta-officiel.com\\\/wp-content\\\/uploads\\\/2024\\\/04\\\/cropped-Logo-Reta-FINAL.jpg\",\"url\":\"https:\\\/\\\/reta-officiel.com\\\/wp-content\\\/uploads\\\/2024\\\/04\\\/cropped-Logo-Reta-FINAL.jpg\",\"contentUrl\":\"https:\\\/\\\/reta-officiel.com\\\/wp-content\\\/uploads\\\/2024\\\/04\\\/cropped-Logo-Reta-FINAL.jpg\",\"width\":512,\"height\":512,\"caption\":\"Reta Le Magnifique\"},\"logo\":{\"@id\":\"https:\\\/\\\/reta-officiel.com\\\/wp-content\\\/uploads\\\/2024\\\/04\\\/cropped-Logo-Reta-FINAL.jpg\"},\"sameAs\":[\"https:\\\/\\\/reta-officiel.com\",\"https:\\\/\\\/www.facebook.com\\\/retarockstar\\\/\",\"https:\\\/\\\/www.instagram.com\\\/retalemagnifique\\\/\",\"https:\\\/\\\/www.youtube.com\\\/@Retarockstar\"]}]}<\/script>\n<!-- \/ Yoast SEO plugin. -->","yoast_head_json":{"title":"Politique de confidentialit\u00e9 - Reta Officiel","description":"Politique de confidentialit\u00e9, Qui sommes-nous\u00a0? L\u2019adresse de notre site est\u00a0: https:\/\/reta-officiel.com. Cette Politique de confidentialit\u00e9..","robots":{"index":"index","follow":"follow","max-snippet":"max-snippet:-1","max-image-preview":"max-image-preview:large","max-video-preview":"max-video-preview:-1"},"canonical":"https:\/\/reta-officiel.com\/index.php\/politique-de-confidentialite\/","og_locale":"fr_FR","og_type":"article","og_title":"Politique de confidentialit\u00e9 - Reta Officiel","og_description":"Politique de confidentialit\u00e9, Qui sommes-nous\u00a0? L\u2019adresse de notre site est\u00a0: https:\/\/reta-officiel.com. Cette Politique de confidentialit\u00e9..","og_url":"https:\/\/reta-officiel.com\/index.php\/politique-de-confidentialite\/","og_site_name":"Reta Officiel","article_publisher":"https:\/\/www.facebook.com\/retarockstar\/","article_modified_time":"2024-06-24T16:32:47+00:00","twitter_card":"summary_large_image","twitter_misc":{"Dur\u00e9e de lecture estim\u00e9e":"5 minutes"},"schema":{"@context":"https:\/\/schema.org","@graph":[{"@type":"WebPage","@id":"https:\/\/reta-officiel.com\/index.php\/politique-de-confidentialite\/","url":"https:\/\/reta-officiel.com\/index.php\/politique-de-confidentialite\/","name":"Politique de confidentialit\u00e9 - Reta Officiel","isPartOf":{"@id":"https:\/\/reta-officiel.com\/#website"},"datePublished":"2024-03-23T14:19:28+00:00","dateModified":"2024-06-24T16:32:47+00:00","description":"Politique de confidentialit\u00e9, Qui sommes-nous\u00a0? L\u2019adresse de notre site est\u00a0: https:\/\/reta-officiel.com. Cette Politique de confidentialit\u00e9..","breadcrumb":{"@id":"https:\/\/reta-officiel.com\/index.php\/politique-de-confidentialite\/#breadcrumb"},"inLanguage":"fr-FR","potentialAction":[{"@type":"ReadAction","target":["https:\/\/reta-officiel.com\/index.php\/politique-de-confidentialite\/"]}]},{"@type":"BreadcrumbList","@id":"https:\/\/reta-officiel.com\/index.php\/politique-de-confidentialite\/#breadcrumb","itemListElement":[{"@type":"ListItem","position":1,"name":"Accueil","item":"https:\/\/reta-officiel.com\/"},{"@type":"ListItem","position":2,"name":"Politique de confidentialit\u00e9"}]},{"@type":"WebSite","@id":"https:\/\/reta-officiel.com\/#website","url":"https:\/\/reta-officiel.com\/","name":"Reta Officiel","description":"Reta Le Magnifique","publisher":{"@id":"https:\/\/reta-officiel.com\/#\/schema\/person\/1c320f369b7e72e9797350175731ee3d"},"potentialAction":[{"@type":"SearchAction","target":{"@type":"EntryPoint","urlTemplate":"https:\/\/reta-officiel.com\/?s={search_term_string}"},"query-input":{"@type":"PropertyValueSpecification","valueRequired":true,"valueName":"search_term_string"}}],"inLanguage":"fr-FR"},{"@type":["Person","Organization"],"@id":"https:\/\/reta-officiel.com\/#\/schema\/person\/1c320f369b7e72e9797350175731ee3d","name":"Reta Le Magnifique","image":{"@type":"ImageObject","inLanguage":"fr-FR","@id":"https:\/\/reta-officiel.com\/wp-content\/uploads\/2024\/04\/cropped-Logo-Reta-FINAL.jpg","url":"https:\/\/reta-officiel.com\/wp-content\/uploads\/2024\/04\/cropped-Logo-Reta-FINAL.jpg","contentUrl":"https:\/\/reta-officiel.com\/wp-content\/uploads\/2024\/04\/cropped-Logo-Reta-FINAL.jpg","width":512,"height":512,"caption":"Reta Le Magnifique"},"logo":{"@id":"https:\/\/reta-officiel.com\/wp-content\/uploads\/2024\/04\/cropped-Logo-Reta-FINAL.jpg"},"sameAs":["https:\/\/reta-officiel.com","https:\/\/www.facebook.com\/retarockstar\/","https:\/\/www.instagram.com\/retalemagnifique\/","https:\/\/www.youtube.com\/@Retarockstar"]}]}},"_links":{"self":[{"href":"https:\/\/reta-officiel.com\/index.php\/wp-json\/wp\/v2\/pages\/3","targetHints":{"allow":["GET"]}}],"collection":[{"href":"https:\/\/reta-officiel.com\/index.php\/wp-json\/wp\/v2\/pages"}],"about":[{"href":"https:\/\/reta-officiel.com\/index.php\/wp-json\/wp\/v2\/types\/page"}],"author":[{"embeddable":true,"href":"https:\/\/reta-officiel.com\/index.php\/wp-json\/wp\/v2\/users\/2"}],"replies":[{"embeddable":true,"href":"https:\/\/reta-officiel.com\/index.php\/wp-json\/wp\/v2\/comments?post=3"}],"version-history":[{"count":0,"href":"https:\/\/reta-officiel.com\/index.php\/wp-json\/wp\/v2\/pages\/3\/revisions"}],"wp:attachment":[{"href":"https:\/\/reta-officiel.com\/index.php\/wp-json\/wp\/v2\/media?parent=3"}],"curies":[{"name":"wp","href":"https:\/\/api.w.org\/{rel}","templated":true}]}}