{"id":1607,"date":"2024-05-01T18:24:18","date_gmt":"2024-05-01T16:24:18","guid":{"rendered":"https:\/\/reta-officiel.com\/?post_type=product&#038;p=1607"},"modified":"2025-12-11T22:35:36","modified_gmt":"2025-12-11T21:35:36","slug":"casquette-trucker-reta","status":"publish","type":"product","link":"https:\/\/reta-officiel.com\/index.php\/produit\/casquette-trucker-reta\/","title":{"rendered":"Casquette Trucker"},"content":{"rendered":"","protected":false},"excerpt":{"rendered":"<div id=\"colbox_seodescription\" class=\"collapse in\" aria-expanded=\"true\">D\u00e9couvrez notre nouvelle casquette Reta, un m\u00e9lange parfait de style et de praticit\u00e9. Arborant fi\u00e8rement le logo embl\u00e9matique \u00ab\u00a0R\u00a0\u00bb de Reta floqu\u00e9 \u00e0 l&rsquo;avant. Pour un ajustement parfait, notre casquette est dot\u00e9e d&rsquo;une fermeture par attache plastifi\u00e9e r\u00e9glable, garantissant un maintien s\u00e9curis\u00e9 et confortable pour toutes les tailles de t\u00eate.<\/div>\n<p><a href=\"https:\/\/reta-officiel.com\/index.php\/medias-photos-videos-news\/\">Pour voir le textile port\u00e9 clique ici<\/a><\/p>\n","protected":false},"featured_media":2167,"comment_status":"open","ping_status":"closed","template":"","meta":[],"product_brand":[],"product_cat":[30],"product_tag":[],"class_list":{"0":"post-1607","1":"product","2":"type-product","3":"status-publish","4":"has-post-thumbnail","6":"product_cat-casquette","8":"first","9":"outofstock","10":"taxable","11":"shipping-taxable","12":"purchasable","13":"product-type-simple"},"yoast_head":"<!-- This site is optimized with the Yoast SEO plugin v27.3 - https:\/\/yoast.com\/product\/yoast-seo-wordpress\/ -->\n<title>Casquette Trucker - Reta Officiel<\/title>\n<meta name=\"description\" content=\"Casquette trucker avec le logo Reta\" \/>\n<meta name=\"robots\" content=\"index, follow, max-snippet:-1, max-image-preview:large, max-video-preview:-1\" \/>\n<link rel=\"canonical\" href=\"https:\/\/reta-officiel.com\/index.php\/produit\/casquette-trucker-reta\/\" \/>\n<meta property=\"og:locale\" content=\"fr_FR\" \/>\n<meta property=\"og:type\" content=\"article\" \/>\n<meta property=\"og:title\" content=\"Casquette Trucker - Reta Officiel\" \/>\n<meta property=\"og:description\" content=\"Casquette trucker avec le logo Reta\" \/>\n<meta property=\"og:url\" content=\"https:\/\/reta-officiel.com\/index.php\/produit\/casquette-trucker-reta\/\" \/>\n<meta property=\"og:site_name\" content=\"Reta Officiel\" \/>\n<meta property=\"article:publisher\" content=\"https:\/\/www.facebook.com\/retarockstar\/\" \/>\n<meta property=\"article:modified_time\" content=\"2025-12-11T21:35:36+00:00\" \/>\n<meta property=\"og:image\" content=\"https:\/\/reta-officiel.com\/wp-content\/uploads\/2024\/06\/casquette-trcker-scaled.webp\" \/>\n\t<meta property=\"og:image:width\" content=\"2560\" \/>\n\t<meta property=\"og:image:height\" content=\"2560\" \/>\n\t<meta property=\"og:image:type\" content=\"image\/webp\" \/>\n<meta name=\"twitter:card\" content=\"summary_large_image\" \/>\n<meta name=\"twitter:label1\" content=\"Dur\u00e9e de lecture estim\u00e9e\" \/>\n\t<meta name=\"twitter:data1\" content=\"1 minute\" \/>\n<script type=\"application\/ld+json\" class=\"yoast-schema-graph\">{\"@context\":\"https:\\\/\\\/schema.org\",\"@graph\":[{\"@type\":\"WebPage\",\"@id\":\"https:\\\/\\\/reta-officiel.com\\\/index.php\\\/produit\\\/casquette-trucker-reta\\\/\",\"url\":\"https:\\\/\\\/reta-officiel.com\\\/index.php\\\/produit\\\/casquette-trucker-reta\\\/\",\"name\":\"Casquette Trucker - Reta Officiel\",\"isPartOf\":{\"@id\":\"https:\\\/\\\/reta-officiel.com\\\/#website\"},\"primaryImageOfPage\":{\"@id\":\"https:\\\/\\\/reta-officiel.com\\\/index.php\\\/produit\\\/casquette-trucker-reta\\\/#primaryimage\"},\"image\":{\"@id\":\"https:\\\/\\\/reta-officiel.com\\\/index.php\\\/produit\\\/casquette-trucker-reta\\\/#primaryimage\"},\"thumbnailUrl\":\"https:\\\/\\\/reta-officiel.com\\\/wp-content\\\/uploads\\\/2024\\\/06\\\/casquette-trcker-scaled.webp\",\"datePublished\":\"2024-05-01T16:24:18+00:00\",\"dateModified\":\"2025-12-11T21:35:36+00:00\",\"description\":\"Casquette trucker avec le logo Reta\",\"breadcrumb\":{\"@id\":\"https:\\\/\\\/reta-officiel.com\\\/index.php\\\/produit\\\/casquette-trucker-reta\\\/#breadcrumb\"},\"inLanguage\":\"fr-FR\",\"potentialAction\":[{\"@type\":\"ReadAction\",\"target\":[\"https:\\\/\\\/reta-officiel.com\\\/index.php\\\/produit\\\/casquette-trucker-reta\\\/\"]}]},{\"@type\":\"ImageObject\",\"inLanguage\":\"fr-FR\",\"@id\":\"https:\\\/\\\/reta-officiel.com\\\/index.php\\\/produit\\\/casquette-trucker-reta\\\/#primaryimage\",\"url\":\"https:\\\/\\\/reta-officiel.com\\\/wp-content\\\/uploads\\\/2024\\\/06\\\/casquette-trcker-scaled.webp\",\"contentUrl\":\"https:\\\/\\\/reta-officiel.com\\\/wp-content\\\/uploads\\\/2024\\\/06\\\/casquette-trcker-scaled.webp\",\"width\":2560,\"height\":2560},{\"@type\":\"BreadcrumbList\",\"@id\":\"https:\\\/\\\/reta-officiel.com\\\/index.php\\\/produit\\\/casquette-trucker-reta\\\/#breadcrumb\",\"itemListElement\":[{\"@type\":\"ListItem\",\"position\":1,\"name\":\"Accueil\",\"item\":\"https:\\\/\\\/reta-officiel.com\\\/\"},{\"@type\":\"ListItem\",\"position\":2,\"name\":\"Boutique\",\"item\":\"https:\\\/\\\/reta-officiel.com\\\/index.php\\\/boutique-reta\\\/\"},{\"@type\":\"ListItem\",\"position\":3,\"name\":\"Casquette Trucker\"}]},{\"@type\":\"WebSite\",\"@id\":\"https:\\\/\\\/reta-officiel.com\\\/#website\",\"url\":\"https:\\\/\\\/reta-officiel.com\\\/\",\"name\":\"Reta Officiel\",\"description\":\"Reta Le Magnifique\",\"publisher\":{\"@id\":\"https:\\\/\\\/reta-officiel.com\\\/#\\\/schema\\\/person\\\/1c320f369b7e72e9797350175731ee3d\"},\"potentialAction\":[{\"@type\":\"SearchAction\",\"target\":{\"@type\":\"EntryPoint\",\"urlTemplate\":\"https:\\\/\\\/reta-officiel.com\\\/?s={search_term_string}\"},\"query-input\":{\"@type\":\"PropertyValueSpecification\",\"valueRequired\":true,\"valueName\":\"search_term_string\"}}],\"inLanguage\":\"fr-FR\"},{\"@type\":[\"Person\",\"Organization\"],\"@id\":\"https:\\\/\\\/reta-officiel.com\\\/#\\\/schema\\\/person\\\/1c320f369b7e72e9797350175731ee3d\",\"name\":\"Reta Le Magnifique\",\"image\":{\"@type\":\"ImageObject\",\"inLanguage\":\"fr-FR\",\"@id\":\"https:\\\/\\\/reta-officiel.com\\\/wp-content\\\/uploads\\\/2024\\\/04\\\/cropped-Logo-Reta-FINAL.jpg\",\"url\":\"https:\\\/\\\/reta-officiel.com\\\/wp-content\\\/uploads\\\/2024\\\/04\\\/cropped-Logo-Reta-FINAL.jpg\",\"contentUrl\":\"https:\\\/\\\/reta-officiel.com\\\/wp-content\\\/uploads\\\/2024\\\/04\\\/cropped-Logo-Reta-FINAL.jpg\",\"width\":512,\"height\":512,\"caption\":\"Reta Le Magnifique\"},\"logo\":{\"@id\":\"https:\\\/\\\/reta-officiel.com\\\/wp-content\\\/uploads\\\/2024\\\/04\\\/cropped-Logo-Reta-FINAL.jpg\"},\"sameAs\":[\"https:\\\/\\\/reta-officiel.com\",\"https:\\\/\\\/www.facebook.com\\\/retarockstar\\\/\",\"https:\\\/\\\/www.instagram.com\\\/retalemagnifique\\\/\",\"https:\\\/\\\/www.youtube.com\\\/@Retarockstar\"]}]}<\/script>\n<!-- \/ Yoast SEO plugin. -->","yoast_head_json":{"title":"Casquette Trucker - Reta Officiel","description":"Casquette trucker avec le logo Reta","robots":{"index":"index","follow":"follow","max-snippet":"max-snippet:-1","max-image-preview":"max-image-preview:large","max-video-preview":"max-video-preview:-1"},"canonical":"https:\/\/reta-officiel.com\/index.php\/produit\/casquette-trucker-reta\/","og_locale":"fr_FR","og_type":"article","og_title":"Casquette Trucker - Reta Officiel","og_description":"Casquette trucker avec le logo Reta","og_url":"https:\/\/reta-officiel.com\/index.php\/produit\/casquette-trucker-reta\/","og_site_name":"Reta Officiel","article_publisher":"https:\/\/www.facebook.com\/retarockstar\/","article_modified_time":"2025-12-11T21:35:36+00:00","og_image":[{"width":2560,"height":2560,"url":"https:\/\/reta-officiel.com\/wp-content\/uploads\/2024\/06\/casquette-trcker-scaled.webp","type":"image\/webp"}],"twitter_card":"summary_large_image","twitter_misc":{"Dur\u00e9e de lecture estim\u00e9e":"1 minute"},"schema":{"@context":"https:\/\/schema.org","@graph":[{"@type":"WebPage","@id":"https:\/\/reta-officiel.com\/index.php\/produit\/casquette-trucker-reta\/","url":"https:\/\/reta-officiel.com\/index.php\/produit\/casquette-trucker-reta\/","name":"Casquette Trucker - Reta Officiel","isPartOf":{"@id":"https:\/\/reta-officiel.com\/#website"},"primaryImageOfPage":{"@id":"https:\/\/reta-officiel.com\/index.php\/produit\/casquette-trucker-reta\/#primaryimage"},"image":{"@id":"https:\/\/reta-officiel.com\/index.php\/produit\/casquette-trucker-reta\/#primaryimage"},"thumbnailUrl":"https:\/\/reta-officiel.com\/wp-content\/uploads\/2024\/06\/casquette-trcker-scaled.webp","datePublished":"2024-05-01T16:24:18+00:00","dateModified":"2025-12-11T21:35:36+00:00","description":"Casquette trucker avec le logo Reta","breadcrumb":{"@id":"https:\/\/reta-officiel.com\/index.php\/produit\/casquette-trucker-reta\/#breadcrumb"},"inLanguage":"fr-FR","potentialAction":[{"@type":"ReadAction","target":["https:\/\/reta-officiel.com\/index.php\/produit\/casquette-trucker-reta\/"]}]},{"@type":"ImageObject","inLanguage":"fr-FR","@id":"https:\/\/reta-officiel.com\/index.php\/produit\/casquette-trucker-reta\/#primaryimage","url":"https:\/\/reta-officiel.com\/wp-content\/uploads\/2024\/06\/casquette-trcker-scaled.webp","contentUrl":"https:\/\/reta-officiel.com\/wp-content\/uploads\/2024\/06\/casquette-trcker-scaled.webp","width":2560,"height":2560},{"@type":"BreadcrumbList","@id":"https:\/\/reta-officiel.com\/index.php\/produit\/casquette-trucker-reta\/#breadcrumb","itemListElement":[{"@type":"ListItem","position":1,"name":"Accueil","item":"https:\/\/reta-officiel.com\/"},{"@type":"ListItem","position":2,"name":"Boutique","item":"https:\/\/reta-officiel.com\/index.php\/boutique-reta\/"},{"@type":"ListItem","position":3,"name":"Casquette Trucker"}]},{"@type":"WebSite","@id":"https:\/\/reta-officiel.com\/#website","url":"https:\/\/reta-officiel.com\/","name":"Reta Officiel","description":"Reta Le Magnifique","publisher":{"@id":"https:\/\/reta-officiel.com\/#\/schema\/person\/1c320f369b7e72e9797350175731ee3d"},"potentialAction":[{"@type":"SearchAction","target":{"@type":"EntryPoint","urlTemplate":"https:\/\/reta-officiel.com\/?s={search_term_string}"},"query-input":{"@type":"PropertyValueSpecification","valueRequired":true,"valueName":"search_term_string"}}],"inLanguage":"fr-FR"},{"@type":["Person","Organization"],"@id":"https:\/\/reta-officiel.com\/#\/schema\/person\/1c320f369b7e72e9797350175731ee3d","name":"Reta Le Magnifique","image":{"@type":"ImageObject","inLanguage":"fr-FR","@id":"https:\/\/reta-officiel.com\/wp-content\/uploads\/2024\/04\/cropped-Logo-Reta-FINAL.jpg","url":"https:\/\/reta-officiel.com\/wp-content\/uploads\/2024\/04\/cropped-Logo-Reta-FINAL.jpg","contentUrl":"https:\/\/reta-officiel.com\/wp-content\/uploads\/2024\/04\/cropped-Logo-Reta-FINAL.jpg","width":512,"height":512,"caption":"Reta Le Magnifique"},"logo":{"@id":"https:\/\/reta-officiel.com\/wp-content\/uploads\/2024\/04\/cropped-Logo-Reta-FINAL.jpg"},"sameAs":["https:\/\/reta-officiel.com","https:\/\/www.facebook.com\/retarockstar\/","https:\/\/www.instagram.com\/retalemagnifique\/","https:\/\/www.youtube.com\/@Retarockstar"]}]}},"_links":{"self":[{"href":"https:\/\/reta-officiel.com\/index.php\/wp-json\/wp\/v2\/product\/1607","targetHints":{"allow":["GET"]}}],"collection":[{"href":"https:\/\/reta-officiel.com\/index.php\/wp-json\/wp\/v2\/product"}],"about":[{"href":"https:\/\/reta-officiel.com\/index.php\/wp-json\/wp\/v2\/types\/product"}],"replies":[{"embeddable":true,"href":"https:\/\/reta-officiel.com\/index.php\/wp-json\/wp\/v2\/comments?post=1607"}],"wp:featuredmedia":[{"embeddable":true,"href":"https:\/\/reta-officiel.com\/index.php\/wp-json\/wp\/v2\/media\/2167"}],"wp:attachment":[{"href":"https:\/\/reta-officiel.com\/index.php\/wp-json\/wp\/v2\/media?parent=1607"}],"wp:term":[{"taxonomy":"product_brand","embeddable":true,"href":"https:\/\/reta-officiel.com\/index.php\/wp-json\/wp\/v2\/product_brand?post=1607"},{"taxonomy":"product_cat","embeddable":true,"href":"https:\/\/reta-officiel.com\/index.php\/wp-json\/wp\/v2\/product_cat?post=1607"},{"taxonomy":"product_tag","embeddable":true,"href":"https:\/\/reta-officiel.com\/index.php\/wp-json\/wp\/v2\/product_tag?post=1607"}],"curies":[{"name":"wp","href":"https:\/\/api.w.org\/{rel}","templated":true}]}}